{"id":247,"date":"2025-08-14T09:10:13","date_gmt":"2025-08-14T09:10:13","guid":{"rendered":"https:\/\/wpnew.cremecrm.com\/?page_id=247"},"modified":"2025-09-16T17:32:07","modified_gmt":"2025-09-16T15:32:07","slug":"club-utilisateurs","status":"publish","type":"page","link":"https:\/\/www.cremecrm.com\/index.php\/club-utilisateurs\/","title":{"rendered":"Club utilisateurs"},"content":{"rendered":"\n<p class=\"has-text-color has-link-color wp-elements-138348d9810fc3a2f097fd56afaef1e7\" style=\"color:#000000\">Chaque utilisateur Cr\u00e8me r\u00e9f\u00e9renc\u00e9 peut faire partie du club utilisateurs. Ce club est une structure qui nous permet de communiquer directement avec les utilisateurs de Cr\u00e8me.<\/p>\n\n\n\n<p class=\"has-text-color has-link-color wp-elements-88e0fc1e8503e266687060000047fc08\" style=\"color:#000000\">Il nous aide \u00e0 conna\u00eetre leur ressenti, \u00e0 identifier les fonctionnalit\u00e9s qu&rsquo;ils aimeraient voir appara\u00eetre dans Cr\u00e8me, ainsi que celles qui leur semblent inutiles. Le club utilisateurs nous permet \u00e9galement de leur fournir des informations sur les nouvelles versions, les manuels en ligne disponibles et les diff\u00e9rentes ressources existantes autour de Cr\u00e8me.<\/p>\n\n\n\n<p class=\"has-text-color has-link-color wp-elements-aae809e12cd2eb98cede67243ebaf33a\" style=\"color:#000000\">Mais ce n&rsquo;est pas tout : le club utilisateurs sert aussi \u00e0 mutualiser les besoins que plusieurs membres pourraient avoir en commun.<\/p>\n\n\n\n<p class=\"has-text-color has-link-color wp-elements-524807b8c294d7bde81797ded8fef04f\" style=\"color:#000000\">Prenons un exemple : imaginons qu&rsquo;un utilisateur ait besoin d&rsquo;un module sp\u00e9cifique et souhaite en financer le d\u00e9veloppement. Gr\u00e2ce au club utilisateurs, il peut nous soumettre son besoin. Nous pouvons alors identifier, au sein du club, d&rsquo;autres membres ayant le m\u00eame int\u00e9r\u00eat et mutualiser ainsi le co\u00fbt de d\u00e9veloppement entre tous les membres concern\u00e9s.<\/p>\n\n\n\n<div class=\"wp-block-columns is-layout-flex wp-container-core-columns-is-layout-28f84493 wp-block-columns-is-layout-flex\" style=\"border-radius:5px\">\n<div class=\"wp-block-column is-layout-flow wp-block-column-is-layout-flow\" style=\"flex-basis:100%\">\n<div class=\"wp-block-group alignfull is-style-default has-background has-global-padding is-layout-constrained wp-container-core-group-is-layout-4f2fc681 wp-block-group-is-layout-constrained\" style=\"border-style:none;border-width:0px;border-radius:5px;background-color:#f9eef0;padding-top:var(--wp--preset--spacing--medium);padding-right:var(--wp--preset--spacing--medium);padding-bottom:var(--wp--preset--spacing--medium);padding-left:var(--wp--preset--spacing--medium)\">\n<div class=\"wp-block-group is-content-justification-space-between is-nowrap is-layout-flex wp-container-core-group-is-layout-cb46ffcb wp-block-group-is-layout-flex\">\n<div class=\"wp-block-group has-global-padding is-layout-constrained wp-container-core-group-is-layout-648b1458 wp-block-group-is-layout-constrained\">\n<div class=\"wp-block-group is-nowrap is-layout-flex wp-container-core-group-is-layout-6c531013 wp-block-group-is-layout-flex\">\n<figure class=\"wp-block-image size-full is-resized is-style-rounded-full\"><img loading=\"lazy\" decoding=\"async\" width=\"512\" height=\"512\" src=\"http:\/\/wpnew.cremecrm.com\/wp-content\/uploads\/2025\/08\/cropped-logo_creme-2.png\" alt=\"\" class=\"wp-image-26\" style=\"width:75px;height:auto\" srcset=\"https:\/\/www.cremecrm.com\/wp-content\/uploads\/2025\/08\/cropped-logo_creme-2.png 512w, https:\/\/www.cremecrm.com\/wp-content\/uploads\/2025\/08\/cropped-logo_creme-2-300x300.png 300w, https:\/\/www.cremecrm.com\/wp-content\/uploads\/2025\/08\/cropped-logo_creme-2-150x150.png 150w, https:\/\/www.cremecrm.com\/wp-content\/uploads\/2025\/08\/cropped-logo_creme-2-270x270.png 270w, https:\/\/www.cremecrm.com\/wp-content\/uploads\/2025\/08\/cropped-logo_creme-2-192x192.png 192w, https:\/\/www.cremecrm.com\/wp-content\/uploads\/2025\/08\/cropped-logo_creme-2-180x180.png 180w, https:\/\/www.cremecrm.com\/wp-content\/uploads\/2025\/08\/cropped-logo_creme-2-32x32.png 32w\" sizes=\"auto, (max-width: 512px) 100vw, 512px\" \/><\/figure>\n\n\n\n<div class=\"wp-block-group has-base-font-size has-global-padding is-layout-constrained wp-container-core-group-is-layout-5dee346c wp-block-group-is-layout-constrained\">\n<p class=\"has-text-color has-link-color has-base-font-size wp-elements-1bf42a94985c8b351c2b93d82cf7e592\" style=\"color:#055d83;font-style:normal;font-weight:600\">Vous souhaitez en savoir plus ?<\/p>\n\n\n\n<p>N&rsquo;h\u00e9sitez pas \u00e0 nous contacter !<\/p>\n<\/div>\n<\/div>\n<\/div>\n\n\n\n<div class=\"wp-block-buttons is-layout-flex wp-block-buttons-is-layout-flex\">\n<div class=\"wp-block-button\"><a class=\"wp-block-button__link wp-element-button\" href=\"https:\/\/www.cremecrm.com\/index.php\/contact\/\">Contactez-nous<\/a><\/div>\n<\/div>\n<\/div>\n<\/div>\n<\/div>\n<\/div>\n","protected":false},"excerpt":{"rendered":"<p>Chaque utilisateur Cr\u00e8me r\u00e9f\u00e9renc\u00e9 peut faire partie du club utilisateurs. Ce club est une structure qui nous permet de communiquer directement avec les utilisateurs de Cr\u00e8me. Il nous aide \u00e0 conna\u00eetre leur ressenti, \u00e0 identifier les fonctionnalit\u00e9s qu&rsquo;ils aimeraient voir appara\u00eetre dans Cr\u00e8me, ainsi que celles qui leur semblent inutiles. Le club utilisateurs nous permet [&hellip;]<\/p>\n","protected":false},"author":1,"featured_media":0,"parent":0,"menu_order":0,"comment_status":"closed","ping_status":"closed","template":"","meta":{"footnotes":""},"class_list":["post-247","page","type-page","status-publish","hentry"],"_links":{"self":[{"href":"https:\/\/www.cremecrm.com\/index.php\/wp-json\/wp\/v2\/pages\/247","targetHints":{"allow":["GET"]}}],"collection":[{"href":"https:\/\/www.cremecrm.com\/index.php\/wp-json\/wp\/v2\/pages"}],"about":[{"href":"https:\/\/www.cremecrm.com\/index.php\/wp-json\/wp\/v2\/types\/page"}],"author":[{"embeddable":true,"href":"https:\/\/www.cremecrm.com\/index.php\/wp-json\/wp\/v2\/users\/1"}],"replies":[{"embeddable":true,"href":"https:\/\/www.cremecrm.com\/index.php\/wp-json\/wp\/v2\/comments?post=247"}],"version-history":[{"count":4,"href":"https:\/\/www.cremecrm.com\/index.php\/wp-json\/wp\/v2\/pages\/247\/revisions"}],"predecessor-version":[{"id":433,"href":"https:\/\/www.cremecrm.com\/index.php\/wp-json\/wp\/v2\/pages\/247\/revisions\/433"}],"wp:attachment":[{"href":"https:\/\/www.cremecrm.com\/index.php\/wp-json\/wp\/v2\/media?parent=247"}],"curies":[{"name":"wp","href":"https:\/\/api.w.org\/{rel}","templated":true}]}}