{"id":376,"date":"2025-08-25T15:49:26","date_gmt":"2025-08-25T13:49:26","guid":{"rendered":"https:\/\/wpnew.cremecrm.com\/?page_id=376"},"modified":"2026-02-17T12:00:35","modified_gmt":"2026-02-17T10:00:35","slug":"creme-vanille","status":"publish","type":"page","link":"https:\/\/www.cremecrm.com\/index.php\/creme-vanille\/","title":{"rendered":"Cr\u00e8me Vanille"},"content":{"rendered":"\n<div class=\"wp-block-group alignfull has-global-padding is-layout-constrained wp-container-core-group-is-layout-20a7b777 wp-block-group-is-layout-constrained\" style=\"margin-top:0;margin-bottom:0;padding-top:var(--wp--preset--spacing--medium);padding-right:var(--wp--preset--spacing--medium);padding-bottom:var(--wp--preset--spacing--medium);padding-left:var(--wp--preset--spacing--medium)\">\n<div class=\"wp-block-columns is-layout-flex wp-container-core-columns-is-layout-28f84493 wp-block-columns-is-layout-flex\">\n<div class=\"wp-block-column is-layout-flow wp-block-column-is-layout-flow\" style=\"flex-basis:100%\">\n<div class=\"wp-block-group has-global-padding is-layout-constrained wp-container-core-group-is-layout-f5f3bcb8 wp-block-group-is-layout-constrained\">\n<p>Vous cherchez \u00e0 dynamiser l\u2019efficacit\u00e9 de votre \u00e9quipe commerciale gr\u00e2ce \u00e0 un CRM qui lui permette de se concentrer sur ses objectifs et sur la vente de vos solutions ?<\/p>\n\n\n\n<p>Vous souhaitez un outil simple, ergonomique et enti\u00e8rement configurable par vos \u00e9quipes, en toute autonomie ?<\/p>\n\n\n\n<p>Vous souhaitez une plateforme SaaS pour \u00e9viter les co\u00fbts d\u2019h\u00e9bergement, tout en b\u00e9n\u00e9ficiant d\u2019une formation et d\u2019un accompagnement adapt\u00e9s ?<\/p>\n\n\n\n<p>Vous voulez la garantie que vos donn\u00e9es sont h\u00e9berg\u00e9es en France, avec une \u00e9quipe support r\u00e9active et efficace \u00e0 l\u2019\u00e9coute de vos utilisateurs ?<\/p>\n\n\n\n<p><\/p>\n\n\n\n<div class=\"wp-block-group is-content-justification-center is-nowrap is-layout-flex wp-container-core-group-is-layout-23441af8 wp-block-group-is-layout-flex\">\n<div class=\"wp-block-group has-global-padding is-layout-constrained wp-block-group-is-layout-constrained\">\n<p class=\"has-text-align-center has-medium-font-size\">Cr\u00e8me Vanille est fait pour vous !<\/p>\n<\/div>\n<\/div>\n<\/div>\n<\/div>\n<\/div>\n<\/div>\n\n\n\n<div class=\"wp-block-group has-border-color is-vertical is-content-justification-center is-layout-flex wp-container-core-group-is-layout-3323ba1e wp-block-group-is-layout-flex\" style=\"border-color:#055d8285;border-width:3px;border-radius:100px;padding-top:var(--wp--preset--spacing--large);padding-right:var(--wp--preset--spacing--large);padding-bottom:var(--wp--preset--spacing--large);padding-left:var(--wp--preset--spacing--large)\">\n<div class=\"wp-block-group has-base-font-size is-horizontal is-nowrap is-layout-flex wp-container-core-group-is-layout-04f5f9a2 wp-block-group-is-layout-flex\">\n<p class=\"has-primary-font-family has-x-large-font-size\" style=\"font-style:normal;font-weight:500;line-height:1\">35&nbsp;\u20ac<\/p>\n\n\n\n<p class=\"has-secondary-color has-text-color has-primary-font-family has-small-font-size\" style=\"margin-top:1.4rem\">HT par mois et par utilisateur<\/p>\n<\/div>\n\n\n\n<div class=\"wp-block-group has-global-padding is-layout-constrained wp-container-core-group-is-layout-f5f3bcb8 wp-block-group-is-layout-constrained\">\n<p class=\"has-text-color has-small-font-size\" style=\"color:#000000\">La tarification Cr\u00e8me Vanille est claire et \u00e9volue en fonction du nombre d\u2019utilisateurs. Aucun frais cach\u00e9 : toutes les fonctionnalit\u00e9s sont incluses dans un prix unique.<\/p>\n\n\n\n<p class=\"has-small-font-size\" style=\"border-radius:0px\">L&rsquo;h\u00e9bergement Cr\u00e8me Vanille inclut :<\/p>\n\n\n\n<div class=\"wp-block-group is-nowrap is-layout-flex wp-container-core-group-is-layout-950b23a9 wp-block-group-is-layout-flex\">\n<p><strong><span class=\"wp-rich-text-font-awesome-icon wp-font-awesome-icon\"><svg aria-hidden=\"true\" focusable=\"false\" data-prefix=\"fas\" data-icon=\"angle-right\" class=\"svg-inline--fa fa-angle-right \" role=\"img\" xmlns=\"http:\/\/www.w3.org\/2000\/svg\" viewBox=\"0 0 256 512\" color=\"#055d83\"><path fill=\"currentColor\" d=\"M247.1 233.4c12.5 12.5 12.5 32.8 0 45.3l-160 160c-12.5 12.5-32.8 12.5-45.3 0s-12.5-32.8 0-45.3L179.2 256 41.9 118.6c-12.5-12.5-12.5-32.8 0-45.3s32.8-12.5 45.3 0l160 160z\"><\/path><\/svg><\/span><\/strong><\/p>\n\n\n\n<p class=\"has-small-font-size\">L&rsquo;acc\u00e8s complet \u00e0 Cr\u00e8me Vanille<\/p>\n<\/div>\n\n\n\n<div class=\"wp-block-group is-nowrap is-layout-flex wp-container-core-group-is-layout-950b23a9 wp-block-group-is-layout-flex\">\n<p><strong><strong><span class=\"wp-rich-text-font-awesome-icon wp-font-awesome-icon\"><svg aria-hidden=\"true\" focusable=\"false\" data-prefix=\"fas\" data-icon=\"angle-right\" class=\"svg-inline--fa fa-angle-right \" role=\"img\" xmlns=\"http:\/\/www.w3.org\/2000\/svg\" viewBox=\"0 0 256 512\" color=\"#055d83\"><path fill=\"currentColor\" d=\"M247.1 233.4c12.5 12.5 12.5 32.8 0 45.3l-160 160c-12.5 12.5-32.8 12.5-45.3 0s-12.5-32.8 0-45.3L179.2 256 41.9 118.6c-12.5-12.5-12.5-32.8 0-45.3s32.8-12.5 45.3 0l160 160z\"><\/path><\/svg><\/span><\/strong><\/strong><\/p>\n\n\n\n<p class=\"has-small-font-size\">Les sauvegardes r\u00e9guli\u00e8res<\/p>\n<\/div>\n\n\n\n<div class=\"wp-block-group is-nowrap is-layout-flex wp-container-core-group-is-layout-950b23a9 wp-block-group-is-layout-flex\">\n<p><strong><strong><span class=\"wp-rich-text-font-awesome-icon wp-font-awesome-icon\"><svg aria-hidden=\"true\" focusable=\"false\" data-prefix=\"fas\" data-icon=\"angle-right\" class=\"svg-inline--fa fa-angle-right \" role=\"img\" xmlns=\"http:\/\/www.w3.org\/2000\/svg\" viewBox=\"0 0 256 512\" color=\"#055d83\"><path fill=\"currentColor\" d=\"M247.1 233.4c12.5 12.5 12.5 32.8 0 45.3l-160 160c-12.5 12.5-32.8 12.5-45.3 0s-12.5-32.8 0-45.3L179.2 256 41.9 118.6c-12.5-12.5-12.5-32.8 0-45.3s32.8-12.5 45.3 0l160 160z\"><\/path><\/svg><\/span><\/strong><\/strong><\/p>\n\n\n\n<p class=\"has-small-font-size\">La maintenance des serveurs<\/p>\n<\/div>\n\n\n\n<div class=\"wp-block-group is-nowrap is-layout-flex wp-container-core-group-is-layout-950b23a9 wp-block-group-is-layout-flex\">\n<p><strong><strong><strong><span class=\"wp-rich-text-font-awesome-icon wp-font-awesome-icon\"><svg aria-hidden=\"true\" focusable=\"false\" data-prefix=\"fas\" data-icon=\"angle-right\" class=\"svg-inline--fa fa-angle-right \" role=\"img\" xmlns=\"http:\/\/www.w3.org\/2000\/svg\" viewBox=\"0 0 256 512\" color=\"#055d83\"><path fill=\"currentColor\" d=\"M247.1 233.4c12.5 12.5 12.5 32.8 0 45.3l-160 160c-12.5 12.5-32.8 12.5-45.3 0s-12.5-32.8 0-45.3L179.2 256 41.9 118.6c-12.5-12.5-12.5-32.8 0-45.3s32.8-12.5 45.3 0l160 160z\"><\/path><\/svg><\/span><\/strong><\/strong><\/strong><\/p>\n\n\n\n<p class=\"has-small-font-size\">Les mises \u00e0 jour<\/p>\n<\/div>\n\n\n\n<div class=\"wp-block-group is-nowrap is-layout-flex wp-container-core-group-is-layout-950b23a9 wp-block-group-is-layout-flex\">\n<p><span class=\"wp-rich-text-font-awesome-icon wp-font-awesome-icon\"><svg aria-hidden=\"true\" focusable=\"false\" data-prefix=\"fas\" data-icon=\"angle-right\" class=\"svg-inline--fa fa-angle-right \" role=\"img\" xmlns=\"http:\/\/www.w3.org\/2000\/svg\" viewBox=\"0 0 256 512\" color=\"#055d83\"><path fill=\"currentColor\" d=\"M247.1 233.4c12.5 12.5 12.5 32.8 0 45.3l-160 160c-12.5 12.5-32.8 12.5-45.3 0s-12.5-32.8 0-45.3L179.2 256 41.9 118.6c-12.5-12.5-12.5-32.8 0-45.3s32.8-12.5 45.3 0l160 160z\"><\/path><\/svg><\/span><\/p>\n\n\n\n<p class=\"has-small-font-size\">Le support illimit\u00e9 par messagerie<\/p>\n<\/div>\n<\/div>\n\n\n\n<div class=\"wp-block-buttons is-content-justification-center is-layout-flex wp-container-core-buttons-is-layout-a89b3969 wp-block-buttons-is-layout-flex\">\n<div class=\"wp-block-button has-custom-width wp-block-button__width-100\"><a class=\"wp-block-button__link wp-element-button\" href=\"https:\/\/www.cremecrm.com\/index.php\/contact\/\" style=\"padding-top:var(--wp--preset--spacing--small);padding-right:var(--wp--preset--spacing--small);padding-bottom:var(--wp--preset--spacing--small);padding-left:var(--wp--preset--spacing--small)\">Souscrire \u00e0 Cr\u00e8me Vanille<\/a><\/div>\n<\/div>\n\n\n\n<div class=\"wp-block-group is-nowrap is-layout-flex wp-container-core-group-is-layout-6c531013 wp-block-group-is-layout-flex\">\n<figure class=\"wp-block-image size-large is-resized\"><img decoding=\"async\" src=\"http:\/\/www.cremecrm.com\/wp-content\/uploads\/2025\/08\/creme-vanille.png\" alt=\"\" style=\"width:182px;height:auto\"\/><\/figure>\n\n\n\n<div class=\"wp-block-group has-small-font-size has-global-padding is-layout-constrained wp-container-core-group-is-layout-f5f3bcb8 wp-block-group-is-layout-constrained\">\n<div class=\"wp-block-group is-nowrap is-layout-flex wp-container-core-group-is-layout-950b23a9 wp-block-group-is-layout-flex\">\n<p><span class=\"wp-rich-text-font-awesome-icon wp-font-awesome-icon\" data-transform=\"{}\"><svg aria-hidden=\"true\" focusable=\"false\" data-prefix=\"fas\" data-icon=\"check\" class=\"svg-inline--fa fa-check \" role=\"img\" xmlns=\"http:\/\/www.w3.org\/2000\/svg\" viewBox=\"0 0 448 512\" color=\"#055d83\"><path fill=\"currentColor\" d=\"M434.8 70.1c14.3 10.4 17.5 30.4 7.1 44.7l-256 352c-5.5 7.6-14 12.3-23.4 13.1s-18.5-2.7-25.1-9.3l-128-128c-12.5-12.5-12.5-32.8 0-45.3s32.8-12.5 45.3 0l101.5 101.5 234-321.7c10.4-14.3 30.4-17.5 44.7-7.1z\"><\/path><\/svg><\/span><\/p>\n\n\n\n<p>Sans engagement<\/p>\n<\/div>\n\n\n\n<hr class=\"wp-block-separator has-text-color has-border-light-color has-alpha-channel-opacity has-border-light-background-color has-background is-style-separator-thin\"\/>\n\n\n\n<div class=\"wp-block-group is-nowrap is-layout-flex wp-container-core-group-is-layout-950b23a9 wp-block-group-is-layout-flex\">\n<p><strong><span class=\"wp-rich-text-font-awesome-icon wp-font-awesome-icon\" data-transform=\"{}\"><svg aria-hidden=\"true\" focusable=\"false\" data-prefix=\"fas\" data-icon=\"check\" class=\"svg-inline--fa fa-check \" role=\"img\" xmlns=\"http:\/\/www.w3.org\/2000\/svg\" viewBox=\"0 0 448 512\" color=\"#055d83\"><path fill=\"currentColor\" d=\"M434.8 70.1c14.3 10.4 17.5 30.4 7.1 44.7l-256 352c-5.5 7.6-14 12.3-23.4 13.1s-18.5-2.7-25.1-9.3l-128-128c-12.5-12.5-12.5-32.8 0-45.3s32.8-12.5 45.3 0l101.5 101.5 234-321.7c10.4-14.3 30.4-17.5 44.7-7.1z\"><\/path><\/svg><\/span><\/strong><\/p>\n\n\n\n<p>Premier mois offert<\/p>\n<\/div>\n\n\n\n<hr class=\"wp-block-separator has-text-color has-border-light-color has-alpha-channel-opacity has-border-light-background-color has-background is-style-separator-thin\"\/>\n\n\n\n<div class=\"wp-block-group is-nowrap is-layout-flex wp-container-core-group-is-layout-950b23a9 wp-block-group-is-layout-flex\">\n<p><strong><span class=\"wp-rich-text-font-awesome-icon wp-font-awesome-icon\" data-transform=\"{}\"><svg aria-hidden=\"true\" focusable=\"false\" data-prefix=\"fas\" data-icon=\"check\" class=\"svg-inline--fa fa-check \" role=\"img\" xmlns=\"http:\/\/www.w3.org\/2000\/svg\" viewBox=\"0 0 448 512\" color=\"#055d83\"><path fill=\"currentColor\" d=\"M434.8 70.1c14.3 10.4 17.5 30.4 7.1 44.7l-256 352c-5.5 7.6-14 12.3-23.4 13.1s-18.5-2.7-25.1-9.3l-128-128c-12.5-12.5-12.5-32.8 0-45.3s32.8-12.5 45.3 0l101.5 101.5 234-321.7c10.4-14.3 30.4-17.5 44.7-7.1z\"><\/path><\/svg><\/span><\/strong><\/p>\n\n\n\n<p>Formation d&rsquo;une heure offerte<\/p>\n<\/div>\n\n\n\n<hr class=\"wp-block-separator has-text-color has-border-light-color has-alpha-channel-opacity has-border-light-background-color has-background is-style-separator-thin\"\/>\n<\/div>\n<\/div>\n<\/div>\n","protected":false},"excerpt":{"rendered":"<p>Vous cherchez \u00e0 dynamiser l\u2019efficacit\u00e9 de votre \u00e9quipe commerciale gr\u00e2ce \u00e0 un CRM qui lui permette de se concentrer sur ses objectifs et sur la vente de vos solutions ? Vous souhaitez un outil simple, ergonomique et enti\u00e8rement configurable par vos \u00e9quipes, en toute autonomie ? Vous souhaitez une plateforme SaaS pour \u00e9viter les co\u00fbts [&hellip;]<\/p>\n","protected":false},"author":1,"featured_media":0,"parent":0,"menu_order":0,"comment_status":"closed","ping_status":"closed","template":"","meta":{"footnotes":""},"class_list":["post-376","page","type-page","status-publish","hentry"],"_links":{"self":[{"href":"https:\/\/www.cremecrm.com\/index.php\/wp-json\/wp\/v2\/pages\/376","targetHints":{"allow":["GET"]}}],"collection":[{"href":"https:\/\/www.cremecrm.com\/index.php\/wp-json\/wp\/v2\/pages"}],"about":[{"href":"https:\/\/www.cremecrm.com\/index.php\/wp-json\/wp\/v2\/types\/page"}],"author":[{"embeddable":true,"href":"https:\/\/www.cremecrm.com\/index.php\/wp-json\/wp\/v2\/users\/1"}],"replies":[{"embeddable":true,"href":"https:\/\/www.cremecrm.com\/index.php\/wp-json\/wp\/v2\/comments?post=376"}],"version-history":[{"count":10,"href":"https:\/\/www.cremecrm.com\/index.php\/wp-json\/wp\/v2\/pages\/376\/revisions"}],"predecessor-version":[{"id":494,"href":"https:\/\/www.cremecrm.com\/index.php\/wp-json\/wp\/v2\/pages\/376\/revisions\/494"}],"wp:attachment":[{"href":"https:\/\/www.cremecrm.com\/index.php\/wp-json\/wp\/v2\/media?parent=376"}],"curies":[{"name":"wp","href":"https:\/\/api.w.org\/{rel}","templated":true}]}}