{"id":43,"date":"2025-08-06T09:59:11","date_gmt":"2025-08-06T09:59:11","guid":{"rendered":"https:\/\/wpnew.cremecrm.com\/?page_id=43"},"modified":"2025-09-16T17:27:47","modified_gmt":"2025-09-16T15:27:47","slug":"presentation-de-creme","status":"publish","type":"page","link":"https:\/\/www.cremecrm.com\/index.php\/presentation-de-creme\/","title":{"rendered":"Pr\u00e9sentation de Cr\u00e8me"},"content":{"rendered":"\n<p class=\"has-text-color has-link-color wp-elements-347cbb4859d527067131fdd9f138d32f\" style=\"color:#000000\">D\u00e9velopper Cr\u00e8me est une id\u00e9e qui est n\u00e9e de notre exp\u00e9rience d&rsquo;int\u00e9grateur de CRM libres. Celle-ci nous a en effet permis d&rsquo;\u00e9tudier de nombreux CRM mais nous a aussi offert l&rsquo;opportunit\u00e9 d&rsquo;observer des utilisateurs et de prendre en compte leurs retours. C&rsquo;est cette longue r\u00e9flexion qui nous a permis de r\u00e9pondre \u00e0 une question fondamentale : \u00e0 quoi sert vraiment un CRM ?<\/p>\n\n\n\n<p class=\"has-text-color has-link-color wp-elements-886fb7ee9e3bf5b12f39e695e9f90a67\" style=\"color:#000000\">Savoir ce qui a \u00e9t\u00e9 vendu, \u00e0 qui, conna\u00eetre les rendez-vous pr\u00e9c\u00e9dents, suivre les statuts des opportunit\u00e9s d&rsquo;affaires, et cela en \u00e9tant s\u00fbr de rien oublier : voil\u00e0 \u00e0 quoi sert, entre autres, un CRM. Un CRM permet de stocker des donn\u00e9es qui, prises dans leur ensemble, constitueront un historique de la relation client, raconteront l&rsquo;histoire de la vie commerciale d&rsquo;une entreprise.<\/p>\n\n\n\n<p class=\"has-text-color has-link-color wp-elements-2dbcde183d72244b64b414e1beaf12d1\" style=\"color:#000000\">Stocker des donn\u00e9es n&rsquo;est pourtant qu&rsquo;une premi\u00e8re \u00e9tape, certes int\u00e9ressante, mais insuffisante. Malheureusement, c&rsquo;est \u00e0 cette premi\u00e8re \u00e9tape que se limitent les CRM traditionnels. Et c&rsquo;est cela que Cr\u00e8me veut changer. Parce que, si stocker des donn\u00e9es c&rsquo;est bien, leur donner du sens, les relier entre elles et les interroger pour prendre les bonnes d\u00e9cisions ou trouver les bons mots, c&rsquo;est encore mieux.<\/p>\n\n\n\n<p class=\"has-text-color has-link-color wp-elements-341262e7877f300ad76c4b465caa9f2f\" style=\"color:#000000\">Et c&rsquo;est ce que Cr\u00e8me permet. Cr\u00e8me vous offre la possibilit\u00e9 d&rsquo;indiquer qui sont les clients des concurrents de l&rsquo;entreprise mais aussi qui sont les clients des partenaires de cette m\u00eame entreprise, permettant ainsi \u00e0 un commercial de toujours pouvoir parfaitement adapter son discours.<\/p>\n\n\n\n<p class=\"has-text-color has-link-color wp-elements-31d9113b6a54bb823bfbbdb71f560740\" style=\"color:#000000\">Ce n&rsquo;est pas la seule innovation pr\u00e9sente dans Cr\u00e8me. La possibilit\u00e9 de synchroniser un mail \u00e0 partir de toutes les plateformes existantes (client mail, t\u00e9l\u00e9phone, webmail, etc.), la volont\u00e9 de proposer un moteur puissant et complet de reporting, la g\u00e9n\u00e9ration de graphiques permettant de repr\u00e9senter sous la forme d&rsquo;une carte les relations existantes ou encore l&rsquo;accent mis sur l&rsquo;interconnexion entre Cr\u00e8me et les autres applications du SI de l&rsquo;entreprise sont quelques-uns des autres points forts de Cr\u00e8me.<\/p>\n\n\n\n<div class=\"wp-block-columns is-layout-flex wp-container-core-columns-is-layout-28f84493 wp-block-columns-is-layout-flex\" style=\"border-radius:5px\">\n<div class=\"wp-block-column is-layout-flow wp-block-column-is-layout-flow\" style=\"flex-basis:100%\">\n<div class=\"wp-block-group alignfull is-style-default has-background has-global-padding is-layout-constrained wp-container-core-group-is-layout-4f2fc681 wp-block-group-is-layout-constrained\" style=\"border-style:none;border-width:0px;border-radius:5px;background-color:#f9eef0;padding-top:var(--wp--preset--spacing--medium);padding-right:var(--wp--preset--spacing--medium);padding-bottom:var(--wp--preset--spacing--medium);padding-left:var(--wp--preset--spacing--medium)\">\n<div class=\"wp-block-group is-content-justification-space-between is-nowrap is-layout-flex wp-container-core-group-is-layout-cb46ffcb wp-block-group-is-layout-flex\">\n<div class=\"wp-block-group has-global-padding is-layout-constrained wp-container-core-group-is-layout-648b1458 wp-block-group-is-layout-constrained\">\n<div class=\"wp-block-group is-nowrap is-layout-flex wp-container-core-group-is-layout-6c531013 wp-block-group-is-layout-flex\">\n<figure class=\"wp-block-image size-full is-resized is-style-rounded-full\"><img loading=\"lazy\" decoding=\"async\" width=\"512\" height=\"512\" src=\"http:\/\/wpnew.cremecrm.com\/wp-content\/uploads\/2025\/08\/cropped-logo_creme-2.png\" alt=\"\" class=\"wp-image-26\" style=\"width:75px;height:auto\" srcset=\"https:\/\/www.cremecrm.com\/wp-content\/uploads\/2025\/08\/cropped-logo_creme-2.png 512w, https:\/\/www.cremecrm.com\/wp-content\/uploads\/2025\/08\/cropped-logo_creme-2-300x300.png 300w, https:\/\/www.cremecrm.com\/wp-content\/uploads\/2025\/08\/cropped-logo_creme-2-150x150.png 150w, https:\/\/www.cremecrm.com\/wp-content\/uploads\/2025\/08\/cropped-logo_creme-2-270x270.png 270w, https:\/\/www.cremecrm.com\/wp-content\/uploads\/2025\/08\/cropped-logo_creme-2-192x192.png 192w, https:\/\/www.cremecrm.com\/wp-content\/uploads\/2025\/08\/cropped-logo_creme-2-180x180.png 180w, https:\/\/www.cremecrm.com\/wp-content\/uploads\/2025\/08\/cropped-logo_creme-2-32x32.png 32w\" sizes=\"auto, (max-width: 512px) 100vw, 512px\" \/><\/figure>\n\n\n\n<div class=\"wp-block-group has-base-font-size has-global-padding is-layout-constrained wp-container-core-group-is-layout-5dee346c wp-block-group-is-layout-constrained\">\n<p class=\"has-text-color has-link-color has-base-font-size wp-elements-1bf42a94985c8b351c2b93d82cf7e592\" style=\"color:#055d83;font-style:normal;font-weight:600\">Vous souhaitez en savoir plus ?<\/p>\n\n\n\n<p>N&rsquo;h\u00e9sitez pas \u00e0 nous contacter !<\/p>\n<\/div>\n<\/div>\n<\/div>\n\n\n\n<div class=\"wp-block-buttons is-layout-flex wp-block-buttons-is-layout-flex\">\n<div class=\"wp-block-button\"><a class=\"wp-block-button__link wp-element-button\" href=\"https:\/\/www.cremecrm.com\/index.php\/contact\/\">Contactez-nous<\/a><\/div>\n<\/div>\n<\/div>\n<\/div>\n<\/div>\n<\/div>\n","protected":false},"excerpt":{"rendered":"<p>D\u00e9velopper Cr\u00e8me est une id\u00e9e qui est n\u00e9e de notre exp\u00e9rience d&rsquo;int\u00e9grateur de CRM libres. Celle-ci nous a en effet permis d&rsquo;\u00e9tudier de nombreux CRM mais nous a aussi offert l&rsquo;opportunit\u00e9 d&rsquo;observer des utilisateurs et de prendre en compte leurs retours. C&rsquo;est cette longue r\u00e9flexion qui nous a permis de r\u00e9pondre \u00e0 une question fondamentale [&hellip;]<\/p>\n","protected":false},"author":1,"featured_media":0,"parent":0,"menu_order":0,"comment_status":"closed","ping_status":"closed","template":"","meta":{"footnotes":""},"class_list":["post-43","page","type-page","status-publish","hentry"],"_links":{"self":[{"href":"https:\/\/www.cremecrm.com\/index.php\/wp-json\/wp\/v2\/pages\/43","targetHints":{"allow":["GET"]}}],"collection":[{"href":"https:\/\/www.cremecrm.com\/index.php\/wp-json\/wp\/v2\/pages"}],"about":[{"href":"https:\/\/www.cremecrm.com\/index.php\/wp-json\/wp\/v2\/types\/page"}],"author":[{"embeddable":true,"href":"https:\/\/www.cremecrm.com\/index.php\/wp-json\/wp\/v2\/users\/1"}],"replies":[{"embeddable":true,"href":"https:\/\/www.cremecrm.com\/index.php\/wp-json\/wp\/v2\/comments?post=43"}],"version-history":[{"count":4,"href":"https:\/\/www.cremecrm.com\/index.php\/wp-json\/wp\/v2\/pages\/43\/revisions"}],"predecessor-version":[{"id":429,"href":"https:\/\/www.cremecrm.com\/index.php\/wp-json\/wp\/v2\/pages\/43\/revisions\/429"}],"wp:attachment":[{"href":"https:\/\/www.cremecrm.com\/index.php\/wp-json\/wp\/v2\/media?parent=43"}],"curies":[{"name":"wp","href":"https:\/\/api.w.org\/{rel}","templated":true}]}}