{"id":45,"date":"2025-08-06T09:59:30","date_gmt":"2025-08-06T09:59:30","guid":{"rendered":"https:\/\/wpnew.cremecrm.com\/?page_id=45"},"modified":"2025-09-16T17:30:21","modified_gmt":"2025-09-16T15:30:21","slug":"logiciel-libre-et-creme","status":"publish","type":"page","link":"https:\/\/www.cremecrm.com\/index.php\/logiciel-libre-et-creme\/","title":{"rendered":"Logiciel libre et Cr\u00e8me"},"content":{"rendered":"\n<p class=\"has-text-color has-link-color wp-elements-62917756d53ad42065edeb7242b5fc88\" style=\"color:#000000\">Cr\u00e8me CRM est un <a href=\"http:\/\/fr.wikipedia.org\/wiki\/Logiciel_libre\" target=\"_blank\" rel=\"noreferrer noopener\">logiciel libre<\/a> publi\u00e9 sous <a href=\"http:\/\/fr.wikipedia.org\/wiki\/Licence_libre\" target=\"_blank\" rel=\"noreferrer noopener\">licence libre<\/a>. Un logiciel libre est un logiciel dont l&rsquo;utilisation, l&rsquo;\u00e9tude, la modification, la duplication et la diffusion sont universellement autoris\u00e9es sans contrepartie financi\u00e8re.<\/p>\n\n\n\n<p class=\"has-text-color has-link-color wp-elements-5c2d284434019488bb72c3fd5cc73d28\" style=\"color:#000000\">En fait, un logiciel libre conf\u00e8re \u00e0 ses utilisateurs 4 libert\u00e9s :<\/p>\n\n\n\n<ul class=\"wp-block-list\">\n<li class=\"has-text-color has-link-color wp-elements-659c770918e314db46605343e4ae6d15\" style=\"color:#000000\">Libert\u00e9 0 : la libert\u00e9 d&rsquo;ex\u00e9cuter le programme &#8211; pour tous les usages ;<\/li>\n\n\n\n<li class=\"has-text-color has-link-color wp-elements-e5409d57aa8110e3aedcb8c7ccde7cda\" style=\"color:#000000\">Libert\u00e9 1 : la libert\u00e9 d&rsquo;\u00e9tudier le fonctionnement du programme &#8211; ce qui suppose l&rsquo;acc\u00e8s au code source ;<\/li>\n\n\n\n<li class=\"has-text-color has-link-color wp-elements-5d57a65f7fa8887df36dd96d1088209c\" style=\"color:#000000\">Libert\u00e9 2 : la libert\u00e9 de redistribuer des copies &#8211; ce qui comprend la libert\u00e9 de donner ou de vendre des copies ;<\/li>\n\n\n\n<li class=\"has-text-color\" style=\"color:#000000\">Libert\u00e9 3 : la libert\u00e9 d&rsquo;am\u00e9liorer le programme et de publier ses am\u00e9liorations &#8211; ce qui suppose, l\u00e0 encore, l&rsquo;acc\u00e8s au code source.<\/li>\n<\/ul>\n\n\n\n<p class=\"has-text-color has-link-color wp-elements-596f62ab1655489d1258546023eeb63e\" style=\"color:#000000\">Il existe un certain nombre de licences libres (voir <a href=\"http:\/\/fr.wikipedia.org\/wiki\/Licence_libre\" target=\"_blank\" rel=\"noreferrer noopener\">article Wikip\u00e9dia<\/a>). Pour Cr\u00e8me, nous avons choisi d&rsquo;utiliser la <a href=\"http:\/\/www.gnu.org\/licenses\/agpl-3.0.html\" target=\"_blank\" rel=\"noreferrer noopener\">GNU Affero General Public Licence<\/a> (ou AGPL) qui est une licence d\u00e9riv\u00e9e de la <a href=\"http:\/\/fr.wikipedia.org\/wiki\/Licence_publique_g%C3%A9n%C3%A9rale_GNU\" target=\"_blank\" rel=\"noreferrer noopener\">GNU GPL<\/a> avec une partie suppl\u00e9mentaire concernant les logiciels utilis\u00e9s sur le r\u00e9seau (ce qu&rsquo;est Cr\u00e8me).<\/p>\n\n\n\n<div class=\"wp-block-columns is-layout-flex wp-container-core-columns-is-layout-28f84493 wp-block-columns-is-layout-flex\" style=\"border-radius:5px\">\n<div class=\"wp-block-column is-layout-flow wp-block-column-is-layout-flow\" style=\"flex-basis:100%\">\n<div class=\"wp-block-group alignfull is-style-default has-background has-global-padding is-layout-constrained wp-container-core-group-is-layout-4f2fc681 wp-block-group-is-layout-constrained\" style=\"border-style:none;border-width:0px;border-radius:5px;background-color:#f9eef0;padding-top:var(--wp--preset--spacing--medium);padding-right:var(--wp--preset--spacing--medium);padding-bottom:var(--wp--preset--spacing--medium);padding-left:var(--wp--preset--spacing--medium)\">\n<div class=\"wp-block-group is-content-justification-space-between is-nowrap is-layout-flex wp-container-core-group-is-layout-cb46ffcb wp-block-group-is-layout-flex\">\n<div class=\"wp-block-group has-global-padding is-layout-constrained wp-container-core-group-is-layout-648b1458 wp-block-group-is-layout-constrained\">\n<div class=\"wp-block-group is-nowrap is-layout-flex wp-container-core-group-is-layout-6c531013 wp-block-group-is-layout-flex\">\n<figure class=\"wp-block-image size-full is-resized is-style-rounded-full\"><img loading=\"lazy\" decoding=\"async\" width=\"512\" height=\"512\" src=\"http:\/\/wpnew.cremecrm.com\/wp-content\/uploads\/2025\/08\/cropped-logo_creme-2.png\" alt=\"\" class=\"wp-image-26\" style=\"width:75px;height:auto\" srcset=\"https:\/\/www.cremecrm.com\/wp-content\/uploads\/2025\/08\/cropped-logo_creme-2.png 512w, https:\/\/www.cremecrm.com\/wp-content\/uploads\/2025\/08\/cropped-logo_creme-2-300x300.png 300w, https:\/\/www.cremecrm.com\/wp-content\/uploads\/2025\/08\/cropped-logo_creme-2-150x150.png 150w, https:\/\/www.cremecrm.com\/wp-content\/uploads\/2025\/08\/cropped-logo_creme-2-270x270.png 270w, https:\/\/www.cremecrm.com\/wp-content\/uploads\/2025\/08\/cropped-logo_creme-2-192x192.png 192w, https:\/\/www.cremecrm.com\/wp-content\/uploads\/2025\/08\/cropped-logo_creme-2-180x180.png 180w, https:\/\/www.cremecrm.com\/wp-content\/uploads\/2025\/08\/cropped-logo_creme-2-32x32.png 32w\" sizes=\"auto, (max-width: 512px) 100vw, 512px\" \/><\/figure>\n\n\n\n<div class=\"wp-block-group has-base-font-size has-global-padding is-layout-constrained wp-container-core-group-is-layout-5dee346c wp-block-group-is-layout-constrained\">\n<p class=\"has-text-color has-link-color has-base-font-size wp-elements-1bf42a94985c8b351c2b93d82cf7e592\" style=\"color:#055d83;font-style:normal;font-weight:600\">Vous souhaitez en savoir plus ?<\/p>\n\n\n\n<p>N&rsquo;h\u00e9sitez pas \u00e0 nous contacter !<\/p>\n<\/div>\n<\/div>\n<\/div>\n\n\n\n<div class=\"wp-block-buttons is-layout-flex wp-block-buttons-is-layout-flex\">\n<div class=\"wp-block-button\"><a class=\"wp-block-button__link wp-element-button\" href=\"https:\/\/www.cremecrm.com\/index.php\/contact\/\">Contactez-nous<\/a><\/div>\n<\/div>\n<\/div>\n<\/div>\n<\/div>\n<\/div>\n","protected":false},"excerpt":{"rendered":"<p>Cr\u00e8me CRM est un logiciel libre publi\u00e9 sous licence libre. Un logiciel libre est un logiciel dont l&rsquo;utilisation, l&rsquo;\u00e9tude, la modification, la duplication et la diffusion sont universellement autoris\u00e9es sans contrepartie financi\u00e8re. En fait, un logiciel libre conf\u00e8re \u00e0 ses utilisateurs 4 libert\u00e9s : Il existe un certain nombre de licences libres (voir article Wikip\u00e9dia). [&hellip;]<\/p>\n","protected":false},"author":1,"featured_media":0,"parent":0,"menu_order":0,"comment_status":"closed","ping_status":"closed","template":"","meta":{"footnotes":""},"class_list":["post-45","page","type-page","status-publish","hentry"],"_links":{"self":[{"href":"https:\/\/www.cremecrm.com\/index.php\/wp-json\/wp\/v2\/pages\/45","targetHints":{"allow":["GET"]}}],"collection":[{"href":"https:\/\/www.cremecrm.com\/index.php\/wp-json\/wp\/v2\/pages"}],"about":[{"href":"https:\/\/www.cremecrm.com\/index.php\/wp-json\/wp\/v2\/types\/page"}],"author":[{"embeddable":true,"href":"https:\/\/www.cremecrm.com\/index.php\/wp-json\/wp\/v2\/users\/1"}],"replies":[{"embeddable":true,"href":"https:\/\/www.cremecrm.com\/index.php\/wp-json\/wp\/v2\/comments?post=45"}],"version-history":[{"count":4,"href":"https:\/\/www.cremecrm.com\/index.php\/wp-json\/wp\/v2\/pages\/45\/revisions"}],"predecessor-version":[{"id":431,"href":"https:\/\/www.cremecrm.com\/index.php\/wp-json\/wp\/v2\/pages\/45\/revisions\/431"}],"wp:attachment":[{"href":"https:\/\/www.cremecrm.com\/index.php\/wp-json\/wp\/v2\/media?parent=45"}],"curies":[{"name":"wp","href":"https:\/\/api.w.org\/{rel}","templated":true}]}}