{"id":47,"date":"2025-08-06T09:59:44","date_gmt":"2025-08-06T09:59:44","guid":{"rendered":"https:\/\/wpnew.cremecrm.com\/?page_id=47"},"modified":"2025-09-16T17:29:55","modified_gmt":"2025-09-16T15:29:55","slug":"fonctionnalites","status":"publish","type":"page","link":"https:\/\/www.cremecrm.com\/index.php\/fonctionnalites\/","title":{"rendered":"Fonctionnalit\u00e9s de Cr\u00e8me"},"content":{"rendered":"\n<div class=\"wp-block-group feature-boxes is-style-default has-global-padding is-content-justification-center is-layout-constrained wp-container-core-group-is-layout-cc15a53a wp-block-group-is-layout-constrained\" style=\"margin-top:0px;margin-bottom:0;padding-top:var(--wp--preset--spacing--small);padding-right:0;padding-bottom:var(--wp--preset--spacing--small);padding-left:0\">\n<div class=\"wp-block-group alignwide is-vertical is-layout-flex wp-container-core-group-is-layout-c5442126 wp-block-group-is-layout-flex\">\n<div class=\"wp-block-columns alignwide is-layout-flex wp-container-core-columns-is-layout-9dcac5f8 wp-block-columns-is-layout-flex\" style=\"margin-top:0px;margin-bottom:0px\">\n<div class=\"wp-block-column is-style-default is-layout-flow wp-container-core-column-is-layout-360d14ef wp-block-column-is-layout-flow\">\n<div class=\"wp-block-group has-global-padding is-layout-constrained wp-container-core-group-is-layout-4b99461e wp-block-group-is-layout-constrained\" style=\"border-radius:5px\">\n<div class=\"wp-block-group has-global-padding is-layout-constrained wp-container-core-group-is-layout-f5f3bcb8 wp-block-group-is-layout-constrained\">\n<h3 class=\"wp-block-heading has-text-color has-link-color has-base-font-size wp-elements-49409f362e8b1b8193b3a74761e7d428\" style=\"color:#055d83;text-transform:uppercase\">Gestion des relations entre vous et votre march\u00e9<\/h3>\n\n\n\n<p class=\"has-text-color has-link-color has-small-font-size wp-elements-49c551672f907c03634e3cb65ce7dc8a\" style=\"color:#000000\">Clients<\/p>\n\n\n\n<p class=\"has-text-color has-link-color has-small-font-size wp-elements-663a265e2cad9e1f26bba0b0bfe24eee\" style=\"color:#000000\">Prospects<\/p>\n\n\n\n<p class=\"has-text-color has-link-color has-small-font-size wp-elements-4a5f1556f93b64bc57a094f0231aa6df\" style=\"color:#000000\">Suspects<\/p>\n\n\n\n<p class=\"has-text-color has-link-color has-small-font-size wp-elements-f68bc496c848f1176228ab34e5de383e\" style=\"color:#000000\">Fournisseurs<\/p>\n\n\n\n<p class=\"has-text-color has-link-color has-small-font-size wp-elements-2e1a0c00de18c8faa1db453d80c2931e\" style=\"color:#000000\">Partenaires<\/p>\n\n\n\n<p class=\"has-text-color has-link-color has-small-font-size wp-elements-78298d46c06ad2fe522a99b38c0831c5\" style=\"color:#000000\">Concurrents<\/p>\n<\/div>\n<\/div>\n\n\n\n<div class=\"wp-block-group has-global-padding is-layout-constrained wp-container-core-group-is-layout-4b99461e wp-block-group-is-layout-constrained\" style=\"border-radius:5px\">\n<div class=\"wp-block-group has-global-padding is-layout-constrained wp-container-core-group-is-layout-f5f3bcb8 wp-block-group-is-layout-constrained\">\n<h3 class=\"wp-block-heading has-text-color has-link-color has-base-font-size wp-elements-cec2775a1643b28e2c4fc9e801dba0f3\" style=\"color:#055d83;text-transform:uppercase\">Partage de donn\u00e9es<\/h3>\n\n\n\n<p class=\"has-text-color has-link-color has-small-font-size wp-elements-832466427efc54a8667056bddc1f6bb0\" style=\"color:#000000\">Agenda partag\u00e9<\/p>\n\n\n\n<p class=\"has-text-color has-link-color has-small-font-size wp-elements-71d172698c88d7cc2706cc167c593c6b\" style=\"color:#000000\">Gestion des alertes, notifications<\/p>\n\n\n\n<p class=\"has-text-color has-link-color has-small-font-size wp-elements-36faaf321eaafe34c10a07735f6d8171\" style=\"color:#000000\">Gestion fine des droits d&rsquo;acc\u00e8s<\/p>\n\n\n\n<p class=\"has-text-color has-link-color has-small-font-size wp-elements-22e529b38f0fde863d76fbb078e1f91b\" style=\"color:#000000\">Synchronisation avec Google Calendar ou Outlook365<\/p>\n\n\n\n<p class=\"has-text-color has-link-color has-small-font-size wp-elements-ad7342685e36c330a5ab9387b7e0e757\" style=\"color:#000000\">Synchronisation universelle des e-mails, sans installer de plugins<\/p>\n\n\n\n<p class=\"has-text-color has-link-color has-small-font-size wp-elements-52f8a489bf3be542fc92d2edcfd791ae\" style=\"color:#000000\">Import et export CSV (format Excel)<\/p>\n<\/div>\n<\/div>\n\n\n\n<div class=\"wp-block-group has-global-padding is-layout-constrained wp-container-core-group-is-layout-4b99461e wp-block-group-is-layout-constrained\" style=\"border-radius:5px\">\n<div class=\"wp-block-group has-global-padding is-layout-constrained wp-container-core-group-is-layout-f5f3bcb8 wp-block-group-is-layout-constrained\">\n<h3 class=\"wp-block-heading has-text-color has-link-color has-base-font-size wp-elements-6afe94843e90bcd738d458aaa008f991\" style=\"color:#055d83;text-transform:uppercase\">Outils marketing<\/h3>\n\n\n\n<p class=\"has-text-color has-link-color has-small-font-size wp-elements-20972d295089706b25d30354e19b0f9a\" style=\"color:#000000\">Campagne e-mailing<\/p>\n\n\n\n<p class=\"has-text-color has-link-color has-small-font-size wp-elements-908f85ad17795bc380015db27af647f6\" style=\"color:#000000\">Gestion des listes de diffusion<\/p>\n<\/div>\n<\/div>\n<\/div>\n\n\n\n<div class=\"wp-block-column is-style-default is-layout-flow wp-container-core-column-is-layout-175e359a wp-block-column-is-layout-flow\" style=\"padding-right:0;padding-left:0\">\n<div class=\"wp-block-group has-global-padding is-layout-constrained wp-container-core-group-is-layout-4b99461e wp-block-group-is-layout-constrained\" style=\"border-radius:5px\">\n<div class=\"wp-block-group has-global-padding is-layout-constrained wp-container-core-group-is-layout-f5f3bcb8 wp-block-group-is-layout-constrained\">\n<h3 class=\"wp-block-heading has-text-color has-link-color has-base-font-size wp-elements-929d807724567beb9412658bd41f1b8a\" style=\"color:#055d83;text-transform:uppercase\">Gestion de votre force de vente<\/h3>\n\n\n\n<p class=\"has-text-color has-link-color has-small-font-size wp-elements-7a650acb96cd298dec30708dfcc6ae37\" style=\"color:#000000\">Opportunit\u00e9s d&rsquo;affaires<\/p>\n\n\n\n<p class=\"has-text-color has-link-color has-small-font-size wp-elements-66ae06da0a93980e15582a3175ef9c6e\" style=\"color:#000000\">Actions commerciales<\/p>\n\n\n\n<p class=\"has-text-color has-link-color has-small-font-size wp-elements-6d5b390c522bd9a931e5f65dc210a650\" style=\"color:#000000\">Catalogue produits et services<\/p>\n\n\n\n<p class=\"has-text-color has-link-color has-small-font-size wp-elements-ae06526f8a71b9353324e03b6e13090c\" style=\"color:#000000\">Alertes<\/p>\n\n\n\n<p class=\"has-text-color has-link-color has-small-font-size wp-elements-d4327cf2aa54ab2403910d54640de130\" style=\"color:#000000\">Rendez-vous et appels t\u00e9l\u00e9phoniques<\/p>\n\n\n\n<p class=\"has-text-color has-link-color has-small-font-size wp-elements-83d46fdebabbafcf37f6a8a2b04881ea\" style=\"color:#000000\">Devis<\/p>\n\n\n\n<p class=\"has-text-color has-link-color has-small-font-size wp-elements-5828a8133bbd249aa0f4262240a06503\" style=\"color:#000000\">Documents<\/p>\n\n\n\n<p class=\"has-text-color has-link-color has-small-font-size wp-elements-97237c709be82c4aa1006e06edf7eeae\" style=\"color:#000000\">Bons de commande<\/p>\n\n\n\n<p class=\"has-text-color has-link-color has-small-font-size wp-elements-14c422f06c20fa40d6aa9fb02f0f87b9\" style=\"color:#000000\">Factures<\/p>\n\n\n\n<p class=\"has-text-color has-link-color has-small-font-size wp-elements-494e978c2ed6657b36781b629a1b4b9e\" style=\"color:#000000\">Suivi client et gestion de tickets<\/p>\n\n\n\n<p class=\"has-text-color has-link-color has-small-font-size wp-elements-5cfa1a599a35de70f8f7aba37279f262\" style=\"color:#000000\">Pr\u00e9visionnel de ventes<\/p>\n\n\n\n<p class=\"has-text-color has-link-color has-small-font-size wp-elements-c04a75d31b684845281026337a00b05b\" style=\"color:#000000\">D\u00e9marches commerciales<\/p>\n\n\n\n<p class=\"has-text-color has-link-color has-small-font-size wp-elements-e941f507671a5726a72d8b56fb1eccef\" style=\"color:#000000\">Fusion de fiches<\/p>\n<\/div>\n<\/div>\n\n\n\n<div class=\"wp-block-group has-global-padding is-layout-constrained wp-container-core-group-is-layout-4b99461e wp-block-group-is-layout-constrained\" style=\"border-radius:5px\">\n<div class=\"wp-block-group has-global-padding is-layout-constrained wp-container-core-group-is-layout-f5f3bcb8 wp-block-group-is-layout-constrained\">\n<h3 class=\"wp-block-heading has-text-color has-link-color has-base-font-size wp-elements-37ffbe78ee6e33b7eed6cd4a0a1705fc\" style=\"color:#055d83;text-transform:uppercase\">Reporting et tableaux de bord<\/h3>\n\n\n\n<p class=\"has-text-color has-link-color has-small-font-size wp-elements-87153eb4405b18a885c5bc42fc62f158\" style=\"color:#000000\">Tableaux de bord personnalisables<\/p>\n\n\n\n<p class=\"has-text-color has-link-color has-small-font-size wp-elements-cc4e0dd6630554fcb072c618bebda692\" style=\"color:#000000\">Rapports avanc\u00e9s<\/p>\n\n\n\n<p class=\"has-text-color has-link-color has-small-font-size wp-elements-98030c43ac44d5145f8e7a9a1661127f\" style=\"color:#000000\">G\u00e9n\u00e9ration p\u00e9riodique de rapports<\/p>\n\n\n\n<p class=\"has-text-color has-link-color has-small-font-size wp-elements-c416b1032c01e6c606bfb63be40ffde0\" style=\"color:#000000\">G\u00e9n\u00e9ration de graphes<\/p>\n<\/div>\n<\/div>\n<\/div>\n<\/div>\n<\/div>\n\n\n\n<div class=\"wp-block-group alignfull has-background has-global-padding is-layout-constrained wp-container-core-group-is-layout-4f2fc681 wp-block-group-is-layout-constrained\" style=\"border-radius:5px;background-color:#f9eef0;padding-top:var(--wp--preset--spacing--medium);padding-right:var(--wp--preset--spacing--medium);padding-bottom:var(--wp--preset--spacing--medium);padding-left:var(--wp--preset--spacing--medium)\">\n<div class=\"wp-block-group is-content-justification-space-between is-nowrap is-layout-flex wp-container-core-group-is-layout-cb46ffcb wp-block-group-is-layout-flex\">\n<div class=\"wp-block-group has-global-padding is-layout-constrained wp-container-core-group-is-layout-648b1458 wp-block-group-is-layout-constrained\">\n<div class=\"wp-block-group is-nowrap is-layout-flex wp-container-core-group-is-layout-6c531013 wp-block-group-is-layout-flex\">\n<figure class=\"wp-block-image size-full is-resized is-style-rounded-full\"><img loading=\"lazy\" decoding=\"async\" width=\"512\" height=\"512\" src=\"http:\/\/wpnew.cremecrm.com\/wp-content\/uploads\/2025\/08\/cropped-logo_creme-2.png\" alt=\"\" class=\"wp-image-26\" style=\"width:75px;height:auto\" srcset=\"https:\/\/www.cremecrm.com\/wp-content\/uploads\/2025\/08\/cropped-logo_creme-2.png 512w, https:\/\/www.cremecrm.com\/wp-content\/uploads\/2025\/08\/cropped-logo_creme-2-300x300.png 300w, https:\/\/www.cremecrm.com\/wp-content\/uploads\/2025\/08\/cropped-logo_creme-2-150x150.png 150w, https:\/\/www.cremecrm.com\/wp-content\/uploads\/2025\/08\/cropped-logo_creme-2-270x270.png 270w, https:\/\/www.cremecrm.com\/wp-content\/uploads\/2025\/08\/cropped-logo_creme-2-192x192.png 192w, https:\/\/www.cremecrm.com\/wp-content\/uploads\/2025\/08\/cropped-logo_creme-2-180x180.png 180w, https:\/\/www.cremecrm.com\/wp-content\/uploads\/2025\/08\/cropped-logo_creme-2-32x32.png 32w\" sizes=\"auto, (max-width: 512px) 100vw, 512px\" \/><\/figure>\n\n\n\n<div class=\"wp-block-group has-base-font-size has-global-padding is-layout-constrained wp-container-core-group-is-layout-5dee346c wp-block-group-is-layout-constrained\">\n<p class=\"has-text-color has-link-color has-base-font-size wp-elements-1bf42a94985c8b351c2b93d82cf7e592\" style=\"color:#055d83;font-style:normal;font-weight:600\">Vous souhaitez en savoir plus ?<\/p>\n\n\n\n<p>N&rsquo;h\u00e9sitez pas \u00e0 nous contacter !<\/p>\n<\/div>\n<\/div>\n<\/div>\n\n\n\n<div class=\"wp-block-buttons is-layout-flex wp-block-buttons-is-layout-flex\">\n<div class=\"wp-block-button\"><a class=\"wp-block-button__link wp-element-button\" href=\"https:\/\/www.cremecrm.com\/index.php\/contact\/\">Contactez-nous<\/a><\/div>\n<\/div>\n<\/div>\n<\/div>\n<\/div>\n\n\n\n<p><\/p>\n","protected":false},"excerpt":{"rendered":"<p>Gestion des relations entre vous et votre march\u00e9 Clients Prospects Suspects Fournisseurs Partenaires Concurrents Partage de donn\u00e9es Agenda partag\u00e9 Gestion des alertes, notifications Gestion fine des droits d&rsquo;acc\u00e8s Synchronisation avec Google Calendar ou Outlook365 Synchronisation universelle des e-mails, sans installer de plugins Import et export CSV (format Excel) Outils marketing Campagne e-mailing Gestion des listes [&hellip;]<\/p>\n","protected":false},"author":1,"featured_media":0,"parent":0,"menu_order":0,"comment_status":"closed","ping_status":"closed","template":"","meta":{"footnotes":""},"class_list":["post-47","page","type-page","status-publish","hentry"],"_links":{"self":[{"href":"https:\/\/www.cremecrm.com\/index.php\/wp-json\/wp\/v2\/pages\/47","targetHints":{"allow":["GET"]}}],"collection":[{"href":"https:\/\/www.cremecrm.com\/index.php\/wp-json\/wp\/v2\/pages"}],"about":[{"href":"https:\/\/www.cremecrm.com\/index.php\/wp-json\/wp\/v2\/types\/page"}],"author":[{"embeddable":true,"href":"https:\/\/www.cremecrm.com\/index.php\/wp-json\/wp\/v2\/users\/1"}],"replies":[{"embeddable":true,"href":"https:\/\/www.cremecrm.com\/index.php\/wp-json\/wp\/v2\/comments?post=47"}],"version-history":[{"count":11,"href":"https:\/\/www.cremecrm.com\/index.php\/wp-json\/wp\/v2\/pages\/47\/revisions"}],"predecessor-version":[{"id":430,"href":"https:\/\/www.cremecrm.com\/index.php\/wp-json\/wp\/v2\/pages\/47\/revisions\/430"}],"wp:attachment":[{"href":"https:\/\/www.cremecrm.com\/index.php\/wp-json\/wp\/v2\/media?parent=47"}],"curies":[{"name":"wp","href":"https:\/\/api.w.org\/{rel}","templated":true}]}}